{"id":4436,"date":"2023-01-14T12:57:17","date_gmt":"2023-01-14T12:57:17","guid":{"rendered":"https:\/\/semanasantaubeda.es\/buena-muerte\/"},"modified":"2025-01-20T18:30:42","modified_gmt":"2025-01-20T18:30:42","slug":"buena-muerte","status":"publish","type":"page","link":"https:\/\/semanasantaubeda.es\/fr\/buena-muerte\/","title":{"rendered":"BUENA MUERTE"},"content":{"rendered":"<div id='full_slider_1'  class='avia-fullwidth-slider main_color avia-shadow   avia-builder-el-0  el_before_av_one_third  avia-builder-el-first   container_wrap sidebar_right'  ><div  class='avia-slideshow av-34k9a9-3fb738b5038f57e04d35bb54ee136918 avia-slideshow-featured_large av_slideshow_full avia-slide-slider av-slideshow-ui av-control-minimal av-control-minimal-dark av-slideshow-autoplay av-loop-endless av-loop-manual-endless av-default-height-applied   avia-slideshow-1' data-slideshow-options=\"{&quot;animation&quot;:&quot;slide&quot;,&quot;autoplay&quot;:true,&quot;loop_autoplay&quot;:&quot;endless&quot;,&quot;interval&quot;:30,&quot;loop_manual&quot;:&quot;manual-endless&quot;,&quot;autoplay_stopper&quot;:false,&quot;noNavigation&quot;:false,&quot;bg_slider&quot;:false,&quot;keep_padding&quot;:false,&quot;hoverpause&quot;:false,&quot;show_slide_delay&quot;:0}\"  itemprop=\"image\" itemscope=\"itemscope\" itemtype=\"https:\/\/schema.org\/ImageObject\" ><ul class='avia-slideshow-inner ' style='padding-bottom: 42%;'><li  class='avia-slideshow-slide av-34k9a9-3fb738b5038f57e04d35bb54ee136918__0  slide-1 slide-odd'><div data-rel='slideshow-1' class='avia-slide-wrap '   ><img decoding=\"async\" class=\"wp-image-5296 avia-img-lazy-loading-not-5296\"  src=\"https:\/\/semanasantaubeda.es\/wp-content\/uploads\/2025\/01\/EEEEEEE-1-1500x630.jpg\" width=\"1500\" height=\"630\" title='Foto: Manuel Garc\u00eda Villaca\u00f1as' alt=''  itemprop=\"thumbnailUrl\"   \/><\/div><\/li><li  class='avia-slideshow-slide av-34k9a9-3fb738b5038f57e04d35bb54ee136918__1  slide-2 slide-even'><div data-rel='slideshow-1' class='avia-slide-wrap '   ><img decoding=\"async\" class=\"wp-image-3683 avia-img-lazy-loading-not-3683\"  src=\"https:\/\/semanasantaubeda.es\/wp-content\/uploads\/2023\/01\/R9A2138-CR2_DxO_DeepPRIME-1500x630.jpg\" width=\"1500\" height=\"630\" title='_R9A2138-CR2_DxO_DeepPRIME' alt=''  itemprop=\"thumbnailUrl\"   \/><\/div><\/li><\/ul><div class='avia-slideshow-arrows avia-slideshow-controls' ><a href='#prev' class='prev-slide ' aria-hidden='true' data-av_icon='\ue87c' data-av_iconfont='entypo-fontello'  tabindex='-1'>Pr\u00e9c\u00e9dent<\/a><a href='#next' class='next-slide ' aria-hidden='true' data-av_icon='\ue87d' data-av_iconfont='entypo-fontello'  tabindex='-1'>Suivant<\/a><\/div><div class='avia-slideshow-dots avia-slideshow-controls'><a href='#1' class='goto-slide active' >1<\/a><a href='#2' class='goto-slide ' >2<\/a><\/div><\/div><\/div><div id='after_full_slider_1'  class='main_color av_default_container_wrap container_wrap sidebar_right'  ><div class='container av-section-cont-open' ><div class='template-page content  av-content-small alpha units'><div class='post-entry post-entry-type-page post-entry-4436'><div class='entry-content-wrapper clearfix'>\n<div class='flex_column av-2m0wld-fcf771a2451be013c8be634bebe8d605 av_one_third  avia-builder-el-1  el_after_av_slideshow_full  el_before_av_two_third  avia-builder-el-first  first flex_column_div '     ><p>\n<style type=\"text\/css\" data-created_by=\"avia_inline_auto\" id=\"style-css-av-2dvb5d-5c3b2891cf0c326313b91397b9df8890\">\n#top .av-special-heading.av-2dvb5d-5c3b2891cf0c326313b91397b9df8890{\npadding-bottom:10px;\ncolor:#000000;\nfont-size:30px;\n}\nbody .av-special-heading.av-2dvb5d-5c3b2891cf0c326313b91397b9df8890 .av-special-heading-tag .heading-char{\nfont-size:25px;\n}\n#top #wrap_all .av-special-heading.av-2dvb5d-5c3b2891cf0c326313b91397b9df8890 .av-special-heading-tag{\nfont-size:30px;\n}\n.av-special-heading.av-2dvb5d-5c3b2891cf0c326313b91397b9df8890 .special-heading-inner-border{\nborder-color:#000000;\n}\n.av-special-heading.av-2dvb5d-5c3b2891cf0c326313b91397b9df8890 .av-subheading{\nfont-size:15px;\n}\n\n@media only screen and (min-width: 480px) and (max-width: 767px){ \n#top #wrap_all .av-special-heading.av-2dvb5d-5c3b2891cf0c326313b91397b9df8890 .av-special-heading-tag{\nfont-size:0.8em;\n}\n}\n\n@media only screen and (max-width: 479px){ \n#top #wrap_all .av-special-heading.av-2dvb5d-5c3b2891cf0c326313b91397b9df8890 .av-special-heading-tag{\nfont-size:0.8em;\n}\n}\n<\/style>\n<div  class='av-special-heading av-2dvb5d-5c3b2891cf0c326313b91397b9df8890 av-special-heading-h1 custom-color-heading blockquote modern-quote  avia-builder-el-2  el_before_av_hr  avia-builder-el-first  av-inherit-size'><h1 class='av-special-heading-tag'  itemprop=\"headline\"  >LA BUENA MUERTE<\/h1><div class=\"special-heading-border\"><div class=\"special-heading-inner-border\"><\/div><\/div><\/div><br \/>\n\n<style type=\"text\/css\" data-created_by=\"avia_inline_auto\" id=\"style-css-av-lcvw4c8l-8de7beddc3e04a2800b30b96f26f8980\">\n#top .hr.hr-invisible.av-lcvw4c8l-8de7beddc3e04a2800b30b96f26f8980{\nheight:50px;\n}\n<\/style>\n<div  class='hr av-lcvw4c8l-8de7beddc3e04a2800b30b96f26f8980 hr-invisible  avia-builder-el-3  el_after_av_heading  el_before_av_image '><span class='hr-inner '><span class=\"hr-inner-style\"><\/span><\/span><\/div><br \/>\n\n<style type=\"text\/css\" data-created_by=\"avia_inline_auto\" id=\"style-css-av-lcvx4nep-abe7a1491f09d28b807464f1c6e05d68\">\n.avia-image-container.av-lcvx4nep-abe7a1491f09d28b807464f1c6e05d68 img.avia_image{\nbox-shadow:none;\n}\n.avia-image-container.av-lcvx4nep-abe7a1491f09d28b807464f1c6e05d68 .av-image-caption-overlay-center{\ncolor:#ffffff;\n}\n<\/style>\n<div  class='avia-image-container av-lcvx4nep-abe7a1491f09d28b807464f1c6e05d68 av-styling- avia-align-center  avia-builder-el-4  el_after_av_hr  el_before_av_textblock '   itemprop=\"image\" itemscope=\"itemscope\" itemtype=\"https:\/\/schema.org\/ImageObject\" ><div class=\"avia-image-container-inner\"><div class=\"avia-image-overlay-wrap\"><img decoding=\"async\" class='wp-image-4966 avia-img-lazy-loading-not-4966 avia_image ' src=\"https:\/\/semanasantaubeda.es\/wp-content\/uploads\/2024\/01\/escudobm.jpg\" alt='' title='escudobm'  height=\"107\" width=\"80\"  itemprop=\"thumbnailUrl\"  \/><\/div><\/div><\/div><br \/>\n<section  class='av_textblock_section av-28t94x-dfbc1ce837967dc16f1819366a83b300'  itemscope=\"itemscope\" itemtype=\"https:\/\/schema.org\/CreativeWork\" ><div class='avia_textblock'  itemprop=\"text\" ><h4>Cofrad\u00eda del Cristo de la Buena Muerte<br \/>\nCofrad\u00eda Carmelitana de Silencio<\/h4>\n<\/div><\/section><br \/>\n\n<style type=\"text\/css\" data-created_by=\"avia_inline_auto\" id=\"style-css-av-24qvuh-8ff9863a11f0cd0a1c9eadb6710eab00\">\n#top .hr.av-24qvuh-8ff9863a11f0cd0a1c9eadb6710eab00{\nmargin-top:10px;\nmargin-bottom:15px;\n}\n.hr.av-24qvuh-8ff9863a11f0cd0a1c9eadb6710eab00 .hr-inner{\nwidth:50px;\nborder-color:#000000;\n}\n<\/style>\n<div  class='hr av-24qvuh-8ff9863a11f0cd0a1c9eadb6710eab00 hr-custom  avia-builder-el-6  el_after_av_textblock  el_before_av_textblock  hr-left hr-icon-no'><span class='hr-inner inner-border-av-border-fat'><span class=\"hr-inner-style\"><\/span><\/span><\/div><br \/>\n<section  class='av_textblock_section av-4vaiir-8ac64091910cbd35c033035c5feb2ddd'  itemscope=\"itemscope\" itemtype=\"https:\/\/schema.org\/CreativeWork\" ><div class='avia_textblock'  itemprop=\"text\" ><p>Nous arrivons \u00e0 un moment d\u2019absolue obscurit\u00e9 en pleine nuit. La tenue des confr\u00e8res invite encore plus au recueillement, lors du passage de cette sculpture de Christ Crucifi\u00e9 port\u00e9e par quatre p\u00e9nitents aux pieds nus, en signe de sacrifice.<br \/>\nLe son creux de leurs toms vous \u00e9mouvra, car c\u2019est la seule chose que vous allez entendre. Il s\u2019agit, donc, d\u2019une confr\u00e9rie de silence. Cette impression restera intacte tout au long de son parcours.<\/p>\n<\/div><\/section><br \/>\n\n<style type=\"text\/css\" data-created_by=\"avia_inline_auto\" id=\"style-css-av-2eepmb-5537d9b6796b6d3469db918fb3ec0425\">\n#top .hr.av-2eepmb-5537d9b6796b6d3469db918fb3ec0425{\nmargin-top:10px;\nmargin-bottom:15px;\n}\n.hr.av-2eepmb-5537d9b6796b6d3469db918fb3ec0425 .hr-inner{\nwidth:50px;\nborder-color:#000000;\n}\n<\/style>\n<div  class='hr av-2eepmb-5537d9b6796b6d3469db918fb3ec0425 hr-custom  avia-builder-el-8  el_after_av_textblock  el_before_av_textblock  hr-left hr-icon-no'><span class='hr-inner inner-border-av-border-fat'><span class=\"hr-inner-style\"><\/span><\/span><\/div><br \/>\n\n<style type=\"text\/css\" data-created_by=\"avia_inline_auto\" id=\"style-css-av-1vk4ft-7907955336c3f64eeb6d558e0f3f4ade\">\n#top .av_textblock_section.av-1vk4ft-7907955336c3f64eeb6d558e0f3f4ade .avia_textblock{\ncolor:#0a0a0a;\n}\n<\/style>\n<section  class='av_textblock_section av-1vk4ft-7907955336c3f64eeb6d558e0f3f4ade'  itemscope=\"itemscope\" itemtype=\"https:\/\/schema.org\/CreativeWork\" ><div class='avia_textblock av_inherit_color'  itemprop=\"text\" ><p><strong>JEUDI SAINT<\/strong><\/p>\n<ul>\n<li>D\u00e9part : 22.00 heures, \u00e9glise de San Miguel (Couvent des fr\u00e8res Carm\u00e9lites)<\/li>\n<li>Arriv\u00e9e : vers 00.30 heures, \u00e9glise de San Miguel (Couvent des fr\u00e8res Carm\u00e9lites)<\/li>\n<\/ul>\n<\/div><\/section><br \/>\n\n<style type=\"text\/css\" data-created_by=\"avia_inline_auto\" id=\"style-css-av-1rm5bt-17e7bb843f01ae6e9baa4c2928d462d1\">\n#top .hr.hr-invisible.av-1rm5bt-17e7bb843f01ae6e9baa4c2928d462d1{\nheight:50px;\n}\n<\/style>\n<div  class='hr av-1rm5bt-17e7bb843f01ae6e9baa4c2928d462d1 hr-invisible  avia-builder-el-10  el_after_av_textblock  avia-builder-el-last '><span class='hr-inner '><span class=\"hr-inner-style\"><\/span><\/span><\/div><\/p><\/div>\n\n<style type=\"text\/css\" data-created_by=\"avia_inline_auto\" id=\"style-css-av-1m6xjt-27cb4e9f76c8087936de40a56960f91f\">\n.flex_column.av-1m6xjt-27cb4e9f76c8087936de40a56960f91f{\n-webkit-border-radius:0px 0px 0px 0px;\n-moz-border-radius:0px 0px 0px 0px;\nborder-radius:0px 0px 0px 0px;\npadding:0px 0px 0px 0px;\n}\n<\/style>\n<div class='flex_column av-1m6xjt-27cb4e9f76c8087936de40a56960f91f av_two_third  avia-builder-el-11  el_after_av_one_third  avia-builder-el-last  flex_column_div av-zero-column-padding '     ><p>\n<style type=\"text\/css\" data-created_by=\"avia_inline_auto\" id=\"style-css-av-1f7vqp-4dd7d854d8ae487c82df0729f0953b5e\">\n#top .av-special-heading.av-1f7vqp-4dd7d854d8ae487c82df0729f0953b5e{\npadding-bottom:10px;\ncolor:#000000;\nfont-size:30px;\n}\nbody .av-special-heading.av-1f7vqp-4dd7d854d8ae487c82df0729f0953b5e .av-special-heading-tag .heading-char{\nfont-size:25px;\n}\n#top #wrap_all .av-special-heading.av-1f7vqp-4dd7d854d8ae487c82df0729f0953b5e .av-special-heading-tag{\nfont-size:30px;\n}\n.av-special-heading.av-1f7vqp-4dd7d854d8ae487c82df0729f0953b5e .special-heading-inner-border{\nborder-color:#000000;\n}\n.av-special-heading.av-1f7vqp-4dd7d854d8ae487c82df0729f0953b5e .av-subheading{\nfont-size:15px;\n}\n\n@media only screen and (min-width: 480px) and (max-width: 767px){ \n#top #wrap_all .av-special-heading.av-1f7vqp-4dd7d854d8ae487c82df0729f0953b5e .av-special-heading-tag{\nfont-size:0.8em;\n}\n}\n\n@media only screen and (max-width: 479px){ \n#top #wrap_all .av-special-heading.av-1f7vqp-4dd7d854d8ae487c82df0729f0953b5e .av-special-heading-tag{\nfont-size:0.8em;\n}\n}\n<\/style>\n<div  class='av-special-heading av-1f7vqp-4dd7d854d8ae487c82df0729f0953b5e av-special-heading-h1 custom-color-heading blockquote modern-quote  avia-builder-el-12  el_before_av_tab_container  avia-builder-el-first  av-inherit-size'><h1 class='av-special-heading-tag'  itemprop=\"headline\"  >Informations<\/h1><div class=\"special-heading-border\"><div class=\"special-heading-inner-border\"><\/div><\/div><\/div><br \/>\n<div  class='tabcontainer av-1ack0h-c09520f6afbc04f00f1f1a98c648c432 top_tab  avia-builder-el-13  el_after_av_heading  el_before_av_masonry_gallery  avia-builder-el-last ' role='tablist'>\n<section class='av_tab_section av_tab_section av-13r2mp-68eabefe5cad56aa6acd643d13b43491'  itemscope=\"itemscope\" itemtype=\"https:\/\/schema.org\/CreativeWork\" ><div class='tab active_tab' role='tab' tabindex='0' data-fake-id='#tab-id-1' aria-controls='tab-id-1-content'  itemprop=\"headline\" >SCULPTURES<\/div><div id='tab-id-1-content' class='tab_content active_tab_content' aria-hidden=\"false\"><div class='tab_inner_content invers-color'  itemprop=\"text\" ><p>Enrique Pariente Sanch\u00eds (1943)<\/p>\n<\/div><\/div><\/section>\n<\/div><br \/>\n<div id='av-masonry-1' class='av-masonry av-lcvu9oup-d02ba2b4693b0d8284ea5389bd4a4784 noHover av-flex-size av-large-gap av-hover-overlay-active av-masonry-animation-active av-masonry-col-flexible av-caption-always av-caption-style- av-masonry-gallery ' data-post_id=\"4436\"><div class=\"av-masonry-container isotope av-js-disabled\"><div class='av-masonry-entry isotope-item av-masonry-item-no-image '><\/div><a href=\"https:\/\/semanasantaubeda.es\/wp-content\/uploads\/2023\/01\/R9A2159-Editar-1030x687.jpg\" data-srcset=\"https:\/\/semanasantaubeda.es\/wp-content\/uploads\/2023\/01\/R9A2159-Editar-1030x687.jpg 1030w, https:\/\/semanasantaubeda.es\/wp-content\/uploads\/2023\/01\/R9A2159-Editar-300x200.jpg 300w, https:\/\/semanasantaubeda.es\/wp-content\/uploads\/2023\/01\/R9A2159-Editar-768x512.jpg 768w, https:\/\/semanasantaubeda.es\/wp-content\/uploads\/2023\/01\/R9A2159-Editar-1536x1024.jpg 1536w, https:\/\/semanasantaubeda.es\/wp-content\/uploads\/2023\/01\/R9A2159-Editar-2048x1365.jpg 2048w, https:\/\/semanasantaubeda.es\/wp-content\/uploads\/2023\/01\/R9A2159-Editar-1500x1000.jpg 1500w, https:\/\/semanasantaubeda.es\/wp-content\/uploads\/2023\/01\/R9A2159-Editar-705x470.jpg 705w\" data-sizes=\"(max-width: 1030px) 100vw, 1030px\"  aria-label=\"image _R9A2159-Editar\"  id='av-masonry-1-item-3689' data-av-masonry-item='3689' class='av-masonry-entry isotope-item post-3689 attachment type-attachment status-inherit hentry  av-masonry-item-with-image' title=\"_R9A2159-Editar\" alt=\"\"    itemprop=\"thumbnailUrl\" ><div class='av-inner-masonry-sizer'><\/div><figure class='av-inner-masonry main_color'><div class=\"av-masonry-outerimage-container\"><div class='av-masonry-image-container'   ><img decoding=\"async\" width=\"705\" height=\"470\" class=\"wp-image-3689 avia-img-lazy-loading-not-3689\"  src=\"https:\/\/semanasantaubeda.es\/wp-content\/uploads\/2023\/01\/R9A2159-Editar-705x470.jpg\" title=\"_R9A2159-Editar\" alt=\"\" srcset=\"https:\/\/semanasantaubeda.es\/wp-content\/uploads\/2023\/01\/R9A2159-Editar-705x470.jpg 705w, https:\/\/semanasantaubeda.es\/wp-content\/uploads\/2023\/01\/R9A2159-Editar-300x200.jpg 300w, https:\/\/semanasantaubeda.es\/wp-content\/uploads\/2023\/01\/R9A2159-Editar-1030x687.jpg 1030w, https:\/\/semanasantaubeda.es\/wp-content\/uploads\/2023\/01\/R9A2159-Editar-768x512.jpg 768w, https:\/\/semanasantaubeda.es\/wp-content\/uploads\/2023\/01\/R9A2159-Editar-1536x1024.jpg 1536w, https:\/\/semanasantaubeda.es\/wp-content\/uploads\/2023\/01\/R9A2159-Editar-2048x1365.jpg 2048w, https:\/\/semanasantaubeda.es\/wp-content\/uploads\/2023\/01\/R9A2159-Editar-1500x1000.jpg 1500w\" sizes=\"(max-width: 705px) 100vw, 705px\" \/><\/div><\/div><\/figure><\/a><!--end av-masonry entry--><a href=\"https:\/\/semanasantaubeda.es\/wp-content\/uploads\/2023\/01\/R9A2176-687x1030.jpg\" data-srcset=\"https:\/\/semanasantaubeda.es\/wp-content\/uploads\/2023\/01\/R9A2176-687x1030.jpg 687w, https:\/\/semanasantaubeda.es\/wp-content\/uploads\/2023\/01\/R9A2176-200x300.jpg 200w, https:\/\/semanasantaubeda.es\/wp-content\/uploads\/2023\/01\/R9A2176-768x1152.jpg 768w, https:\/\/semanasantaubeda.es\/wp-content\/uploads\/2023\/01\/R9A2176-1024x1536.jpg 1024w, https:\/\/semanasantaubeda.es\/wp-content\/uploads\/2023\/01\/R9A2176-1365x2048.jpg 1365w, https:\/\/semanasantaubeda.es\/wp-content\/uploads\/2023\/01\/R9A2176-1000x1500.jpg 1000w, https:\/\/semanasantaubeda.es\/wp-content\/uploads\/2023\/01\/R9A2176-470x705.jpg 470w, https:\/\/semanasantaubeda.es\/wp-content\/uploads\/2023\/01\/R9A2176-scaled.jpg 1707w\" data-sizes=\"(max-width: 687px) 100vw, 687px\"  aria-label=\"image _R9A2176\"  id='av-masonry-1-item-3692' data-av-masonry-item='3692' class='av-masonry-entry isotope-item post-3692 attachment type-attachment status-inherit hentry  av-masonry-item-with-image' title=\"_R9A2176\" alt=\"\"    itemprop=\"thumbnailUrl\" ><div class='av-inner-masonry-sizer'><\/div><figure class='av-inner-masonry main_color'><div class=\"av-masonry-outerimage-container\"><div class='av-masonry-image-container'   ><img decoding=\"async\" width=\"470\" height=\"705\" class=\"wp-image-3692 avia-img-lazy-loading-not-3692\"  src=\"https:\/\/semanasantaubeda.es\/wp-content\/uploads\/2023\/01\/R9A2176-470x705.jpg\" title=\"_R9A2176\" alt=\"\" srcset=\"https:\/\/semanasantaubeda.es\/wp-content\/uploads\/2023\/01\/R9A2176-470x705.jpg 470w, https:\/\/semanasantaubeda.es\/wp-content\/uploads\/2023\/01\/R9A2176-200x300.jpg 200w, https:\/\/semanasantaubeda.es\/wp-content\/uploads\/2023\/01\/R9A2176-687x1030.jpg 687w, https:\/\/semanasantaubeda.es\/wp-content\/uploads\/2023\/01\/R9A2176-768x1152.jpg 768w, https:\/\/semanasantaubeda.es\/wp-content\/uploads\/2023\/01\/R9A2176-1024x1536.jpg 1024w, https:\/\/semanasantaubeda.es\/wp-content\/uploads\/2023\/01\/R9A2176-1365x2048.jpg 1365w, https:\/\/semanasantaubeda.es\/wp-content\/uploads\/2023\/01\/R9A2176-1000x1500.jpg 1000w, https:\/\/semanasantaubeda.es\/wp-content\/uploads\/2023\/01\/R9A2176-scaled.jpg 1707w\" sizes=\"(max-width: 470px) 100vw, 470px\" \/><\/div><\/div><\/figure><\/a><!--end av-masonry entry--><a href=\"https:\/\/semanasantaubeda.es\/wp-content\/uploads\/2024\/01\/IMG_9059-768x1030.jpg\" data-srcset=\"https:\/\/semanasantaubeda.es\/wp-content\/uploads\/2024\/01\/IMG_9059-768x1030.jpg 768w, https:\/\/semanasantaubeda.es\/wp-content\/uploads\/2024\/01\/IMG_9059-224x300.jpg 224w, https:\/\/semanasantaubeda.es\/wp-content\/uploads\/2024\/01\/IMG_9059-1146x1536.jpg 1146w, https:\/\/semanasantaubeda.es\/wp-content\/uploads\/2024\/01\/IMG_9059-1528x2048.jpg 1528w, https:\/\/semanasantaubeda.es\/wp-content\/uploads\/2024\/01\/IMG_9059-1119x1500.jpg 1119w, https:\/\/semanasantaubeda.es\/wp-content\/uploads\/2024\/01\/IMG_9059-526x705.jpg 526w, https:\/\/semanasantaubeda.es\/wp-content\/uploads\/2024\/01\/IMG_9059.jpg 1656w\" data-sizes=\"(max-width: 768px) 100vw, 768px\"  aria-label=\"image Fotograf\u00eda: Jos\u00e9 Carlos Martos Moreno\"  id='av-masonry-1-item-4955' data-av-masonry-item='4955' class='av-masonry-entry isotope-item post-4955 attachment type-attachment status-inherit hentry  av-masonry-item-with-image' title=\"Fotograf\u00eda: Jos\u00e9 Carlos Martos Moreno\" alt=\"\"    itemprop=\"thumbnailUrl\" ><div class='av-inner-masonry-sizer'><\/div><figure class='av-inner-masonry main_color'><div class=\"av-masonry-outerimage-container\"><div class='av-masonry-image-container'   ><img decoding=\"async\" width=\"526\" height=\"705\" class=\"wp-image-4955 avia-img-lazy-loading-not-4955\"  src=\"https:\/\/semanasantaubeda.es\/wp-content\/uploads\/2024\/01\/IMG_9059-526x705.jpg\" title=\"Fotograf\u00eda: Jos\u00e9 Carlos Martos Moreno\" alt=\"\" srcset=\"https:\/\/semanasantaubeda.es\/wp-content\/uploads\/2024\/01\/IMG_9059-526x705.jpg 526w, https:\/\/semanasantaubeda.es\/wp-content\/uploads\/2024\/01\/IMG_9059-224x300.jpg 224w, https:\/\/semanasantaubeda.es\/wp-content\/uploads\/2024\/01\/IMG_9059-768x1030.jpg 768w, https:\/\/semanasantaubeda.es\/wp-content\/uploads\/2024\/01\/IMG_9059-1146x1536.jpg 1146w, https:\/\/semanasantaubeda.es\/wp-content\/uploads\/2024\/01\/IMG_9059-1528x2048.jpg 1528w, https:\/\/semanasantaubeda.es\/wp-content\/uploads\/2024\/01\/IMG_9059-1119x1500.jpg 1119w, https:\/\/semanasantaubeda.es\/wp-content\/uploads\/2024\/01\/IMG_9059.jpg 1656w\" sizes=\"(max-width: 526px) 100vw, 526px\" \/><\/div><\/div><\/figure><\/a><!--end av-masonry entry--><a href=\"https:\/\/semanasantaubeda.es\/wp-content\/uploads\/2024\/01\/Buena-Muerte-792x1030.jpg\" data-srcset=\"https:\/\/semanasantaubeda.es\/wp-content\/uploads\/2024\/01\/Buena-Muerte-792x1030.jpg 792w, https:\/\/semanasantaubeda.es\/wp-content\/uploads\/2024\/01\/Buena-Muerte-231x300.jpg 231w, https:\/\/semanasantaubeda.es\/wp-content\/uploads\/2024\/01\/Buena-Muerte-768x998.jpg 768w, https:\/\/semanasantaubeda.es\/wp-content\/uploads\/2024\/01\/Buena-Muerte-1181x1536.jpg 1181w, https:\/\/semanasantaubeda.es\/wp-content\/uploads\/2024\/01\/Buena-Muerte-1575x2048.jpg 1575w, https:\/\/semanasantaubeda.es\/wp-content\/uploads\/2024\/01\/Buena-Muerte-1154x1500.jpg 1154w, https:\/\/semanasantaubeda.es\/wp-content\/uploads\/2024\/01\/Buena-Muerte-542x705.jpg 542w, https:\/\/semanasantaubeda.es\/wp-content\/uploads\/2024\/01\/Buena-Muerte-scaled.jpg 1969w\" data-sizes=\"(max-width: 792px) 100vw, 792px\"  aria-label=\"image Fotograf\u00eda: Jos\u00e9 Carlos Martos Moreno\"  id='av-masonry-1-item-4952' data-av-masonry-item='4952' class='av-masonry-entry isotope-item post-4952 attachment type-attachment status-inherit hentry  av-masonry-item-with-image' title=\"Fotograf\u00eda: Jos\u00e9 Carlos Martos Moreno\" alt=\"\"    itemprop=\"thumbnailUrl\" ><div class='av-inner-masonry-sizer'><\/div><figure class='av-inner-masonry main_color'><div class=\"av-masonry-outerimage-container\"><div class='av-masonry-image-container'   ><img decoding=\"async\" width=\"542\" height=\"705\" class=\"wp-image-4952 avia-img-lazy-loading-not-4952\"  src=\"https:\/\/semanasantaubeda.es\/wp-content\/uploads\/2024\/01\/Buena-Muerte-542x705.jpg\" title=\"Fotograf\u00eda: Jos\u00e9 Carlos Martos Moreno\" alt=\"\" srcset=\"https:\/\/semanasantaubeda.es\/wp-content\/uploads\/2024\/01\/Buena-Muerte-542x705.jpg 542w, https:\/\/semanasantaubeda.es\/wp-content\/uploads\/2024\/01\/Buena-Muerte-231x300.jpg 231w, https:\/\/semanasantaubeda.es\/wp-content\/uploads\/2024\/01\/Buena-Muerte-792x1030.jpg 792w, https:\/\/semanasantaubeda.es\/wp-content\/uploads\/2024\/01\/Buena-Muerte-768x998.jpg 768w, https:\/\/semanasantaubeda.es\/wp-content\/uploads\/2024\/01\/Buena-Muerte-1181x1536.jpg 1181w, https:\/\/semanasantaubeda.es\/wp-content\/uploads\/2024\/01\/Buena-Muerte-1575x2048.jpg 1575w, https:\/\/semanasantaubeda.es\/wp-content\/uploads\/2024\/01\/Buena-Muerte-1154x1500.jpg 1154w, https:\/\/semanasantaubeda.es\/wp-content\/uploads\/2024\/01\/Buena-Muerte-scaled.jpg 1969w\" sizes=\"(max-width: 542px) 100vw, 542px\" \/><\/div><\/div><\/figure><\/a><!--end av-masonry entry--><\/div><\/div><\/p><\/div>\n","protected":false},"excerpt":{"rendered":"","protected":false},"author":1,"featured_media":3692,"parent":0,"menu_order":0,"comment_status":"closed","ping_status":"closed","template":"","meta":{"footnotes":""},"class_list":["post-4436","page","type-page","status-publish","has-post-thumbnail","hentry"],"jetpack_sharing_enabled":true,"_links":{"self":[{"href":"https:\/\/semanasantaubeda.es\/fr\/wp-json\/wp\/v2\/pages\/4436","targetHints":{"allow":["GET"]}}],"collection":[{"href":"https:\/\/semanasantaubeda.es\/fr\/wp-json\/wp\/v2\/pages"}],"about":[{"href":"https:\/\/semanasantaubeda.es\/fr\/wp-json\/wp\/v2\/types\/page"}],"author":[{"embeddable":true,"href":"https:\/\/semanasantaubeda.es\/fr\/wp-json\/wp\/v2\/users\/1"}],"replies":[{"embeddable":true,"href":"https:\/\/semanasantaubeda.es\/fr\/wp-json\/wp\/v2\/comments?post=4436"}],"version-history":[{"count":6,"href":"https:\/\/semanasantaubeda.es\/fr\/wp-json\/wp\/v2\/pages\/4436\/revisions"}],"predecessor-version":[{"id":5379,"href":"https:\/\/semanasantaubeda.es\/fr\/wp-json\/wp\/v2\/pages\/4436\/revisions\/5379"}],"wp:featuredmedia":[{"embeddable":true,"href":"https:\/\/semanasantaubeda.es\/fr\/wp-json\/wp\/v2\/media\/3692"}],"wp:attachment":[{"href":"https:\/\/semanasantaubeda.es\/fr\/wp-json\/wp\/v2\/media?parent=4436"}],"curies":[{"name":"wp","href":"https:\/\/api.w.org\/{rel}","templated":true}]}}